{"id":5,"date":"2019-01-15T07:44:53","date_gmt":"2019-01-15T07:44:53","guid":{"rendered":"http:\/\/huanacoacanopy.com\/es\/?page_id=5"},"modified":"2025-01-17T17:14:38","modified_gmt":"2025-01-18T00:14:38","slug":"inicio","status":"publish","type":"page","link":"https:\/\/huanacoacanopy.com\/es\/","title":{"rendered":"Inicio"},"content":{"rendered":"\n<div class=\"wp-block-uagb-section uagb-section__wrap uagb-section__background-image\" id=\"uagb-section-73e8577f-00ae-43f3-8e90-9ed3ddc2f566\"><div class=\"uagb-section__overlay\"><\/div><div class=\"uagb-section__inner-wrap\">\n<h1 class=\"has-text-align-left hc-home-titles wp-block-heading\">NUESTROS TOURS<\/h1>\n\n\n\t\t<div class=\"wpsisac-pro-slick-carousal-1 wpsisac-slick-carousal prodesign-15 simplecarousal\">\r\t\t\t\t<div class=\"slick-image-slide\">\r\n\t<div class=\"slide-wrap\">\r\n\t\t<a href=\"http:\/\/huanacoacanopy.com\/es\/servicios\/canopy-tour\/\"><a href=\"https:\/\/huanacoacanopy.com\/es\/slick_slider\/canopy-tour\/\" title=\"CANOPY TOUR\"><img loading=\"lazy\" decoding=\"async\" width=\"500\" height=\"400\" src=\"https:\/\/huanacoacanopy.com\/es\/wp-content\/uploads\/2019\/01\/CANOPY-TOUR.jpg\" class=\"attachment-large size-large wp-post-image\" alt=\"\" srcset=\"https:\/\/huanacoacanopy.com\/es\/wp-content\/uploads\/2019\/01\/CANOPY-TOUR.jpg 500w, https:\/\/huanacoacanopy.com\/es\/wp-content\/uploads\/2019\/01\/CANOPY-TOUR-300x240.jpg 300w\" sizes=\"auto, (max-width: 500px) 100vw, 500px\" \/><\/a><\/a>\t\t<div class=\"slider-content\">\r\n\t\t\t\r\n\t\t\t<h4 class=\"slide-title\">\r\n\t\t\t\t\t\t<a href=\"http:\/\/huanacoacanopy.com\/es\/servicios\/canopy-tour\/\" >CANOPY TOUR<\/a>\r\n\t\t\t\t\t\t\t<\/h4>\r\n\t\t\t<div class=\"show-hide-content\">\r\n\t\t\t\t\t\t<div class=\"slider-short-content\">\r\n\t\t\t\t\t\u00a1Vive la experiencia de deslizarte en nuestro circuito de tirolesas por la jungla tropical!\t\t\t\r\n\t\t\t\t<\/div>\r\n\t\t\t\t\t\t<div class=\"readmore\"><a href=\"http:\/\/huanacoacanopy.com\/es\/servicios\/canopy-tour\/\" class=\"slider-readmore\">Conocer M\u00e1s<\/a><\/div>\r\n\t\t\t\t\t\t\t\r\n\t\t\t<\/div>\r\n\t\t\t<\/div>\r\n\t\t\t<\/div>\r\n\t<\/div><div class=\"slick-image-slide\">\r\n\t<div class=\"slide-wrap\">\r\n\t\t<a href=\"http:\/\/huanacoacanopy.com\/es\/servicios\/atv-tour\/\"><a href=\"https:\/\/huanacoacanopy.com\/es\/slick_slider\/atv-tour\/\" title=\"ATV TOUR\"><img loading=\"lazy\" decoding=\"async\" width=\"500\" height=\"400\" src=\"https:\/\/huanacoacanopy.com\/es\/wp-content\/uploads\/2019\/01\/ATV-TOUR.jpg\" class=\"attachment-large size-large wp-post-image\" alt=\"\" srcset=\"https:\/\/huanacoacanopy.com\/es\/wp-content\/uploads\/2019\/01\/ATV-TOUR.jpg 500w, https:\/\/huanacoacanopy.com\/es\/wp-content\/uploads\/2019\/01\/ATV-TOUR-300x240.jpg 300w\" sizes=\"auto, (max-width: 500px) 100vw, 500px\" \/><\/a><\/a>\t\t<div class=\"slider-content\">\r\n\t\t\t\r\n\t\t\t<h4 class=\"slide-title\">\r\n\t\t\t\t\t\t<a href=\"http:\/\/huanacoacanopy.com\/es\/servicios\/atv-tour\/\" >ATV TOUR<\/a>\r\n\t\t\t\t\t\t\t<\/h4>\r\n\t\t\t<div class=\"show-hide-content\">\r\n\t\t\t\t\t\t<div class=\"slider-short-content\">\r\n\t\t\t\t\t<p>\u00a1Siente la adrenalina manejando cuatrimotos todo terreno recorriendo hermosos pasajes!<\/p>\n\t\t\t\r\n\t\t\t\t<\/div>\r\n\t\t\t\t\t\t<div class=\"readmore\"><a href=\"http:\/\/huanacoacanopy.com\/es\/servicios\/atv-tour\/\" class=\"slider-readmore\">Conocer M\u00e1s<\/a><\/div>\r\n\t\t\t\t\t\t\t\r\n\t\t\t<\/div>\r\n\t\t\t<\/div>\r\n\t\t\t<\/div>\r\n\t<\/div><div class=\"slick-image-slide\">\r\n\t<div class=\"slide-wrap\">\r\n\t\t<a href=\"http:\/\/huanacoacanopy.com\/es\/servicios\/atvcanopy-tour\/\"><a href=\"https:\/\/huanacoacanopy.com\/es\/slick_slider\/atvcanopy-tour\/\" title=\"ATV+CANOPY TOUR\"><img loading=\"lazy\" decoding=\"async\" width=\"500\" height=\"400\" src=\"https:\/\/huanacoacanopy.com\/es\/wp-content\/uploads\/2019\/01\/ATV-AND-CANOPY-TOUR-02.jpg\" class=\"attachment-large size-large wp-post-image\" alt=\"\" srcset=\"https:\/\/huanacoacanopy.com\/es\/wp-content\/uploads\/2019\/01\/ATV-AND-CANOPY-TOUR-02.jpg 500w, https:\/\/huanacoacanopy.com\/es\/wp-content\/uploads\/2019\/01\/ATV-AND-CANOPY-TOUR-02-300x240.jpg 300w\" sizes=\"auto, (max-width: 500px) 100vw, 500px\" \/><\/a><\/a>\t\t<div class=\"slider-content\">\r\n\t\t\t\r\n\t\t\t<h4 class=\"slide-title\">\r\n\t\t\t\t\t\t<a href=\"http:\/\/huanacoacanopy.com\/es\/servicios\/atvcanopy-tour\/\" >ATV+CANOPY TOUR<\/a>\r\n\t\t\t\t\t\t\t<\/h4>\r\n\t\t\t<div class=\"show-hide-content\">\r\n\t\t\t\t\t\t<div class=\"slider-short-content\">\r\n\t\t\t\t\t<p>\u00a1Vive la experiencia de deslizarte por tirolesas y el recorrer hermosos paisajes en cuatrimoto!<\/p>\n\t\t\t\r\n\t\t\t\t<\/div>\r\n\t\t\t\t\t\t<div class=\"readmore\"><a href=\"http:\/\/huanacoacanopy.com\/es\/servicios\/atvcanopy-tour\/\" class=\"slider-readmore\">Conocer M\u00e1s<\/a><\/div>\r\n\t\t\t\t\t\t\t\r\n\t\t\t<\/div>\r\n\t\t\t<\/div>\r\n\t\t\t<\/div>\r\n\t<\/div><div class=\"slick-image-slide\">\r\n\t<div class=\"slide-wrap\">\r\n\t\t<a href=\"http:\/\/huanacoacanopy.com\/es\/servicios\/observadores-tour\/\"><a href=\"https:\/\/huanacoacanopy.com\/es\/slick_slider\/observadores-tour\/\" title=\"OBSERVADORES TOUR\"><img loading=\"lazy\" decoding=\"async\" width=\"500\" height=\"400\" src=\"https:\/\/huanacoacanopy.com\/es\/wp-content\/uploads\/2019\/01\/OBSERVADORES-03.jpg\" class=\"attachment-large size-large wp-post-image\" alt=\"\" srcset=\"https:\/\/huanacoacanopy.com\/es\/wp-content\/uploads\/2019\/01\/OBSERVADORES-03.jpg 500w, https:\/\/huanacoacanopy.com\/es\/wp-content\/uploads\/2019\/01\/OBSERVADORES-03-300x240.jpg 300w\" sizes=\"auto, (max-width: 500px) 100vw, 500px\" \/><\/a><\/a>\t\t<div class=\"slider-content\">\r\n\t\t\t\r\n\t\t\t<h4 class=\"slide-title\">\r\n\t\t\t\t\t\t<a href=\"http:\/\/huanacoacanopy.com\/es\/servicios\/observadores-tour\/\" >OBSERVADORES TOUR<\/a>\r\n\t\t\t\t\t\t\t<\/h4>\r\n\t\t\t<div class=\"show-hide-content\">\r\n\t\t\t\t\t\t<div class=\"slider-short-content\">\r\n\t\t\t\t\t<p>\u00a1Visita la \u00fanica destiler\u00eda de Agave Azul de m\u00e1s de 130 a\u00f1os en Sinaloa, <em><strong>LOS OSUNA<\/strong><\/em>\u00ae!<\/p>\n\t\t\t\r\n\t\t\t\t<\/div>\r\n\t\t\t\t\t\t<div class=\"readmore\"><a href=\"http:\/\/huanacoacanopy.com\/es\/servicios\/observadores-tour\/\" class=\"slider-readmore\">Conocer M\u00e1s<\/a><\/div>\r\n\t\t\t\t\t\t\t\r\n\t\t\t<\/div>\r\n\t\t\t<\/div>\r\n\t\t\t<\/div>\r\n\t<\/div><div class=\"slick-image-slide\">\r\n\t<div class=\"slide-wrap\">\r\n\t\t<a href=\"http:\/\/huanacoacanopy.com\/es\/servicios\/kayak-island-tour\/\"><a href=\"https:\/\/huanacoacanopy.com\/es\/slick_slider\/kayak-island-tour\/\" title=\"KAYAK ISLAND TOUR\"><img loading=\"lazy\" decoding=\"async\" width=\"960\" height=\"720\" src=\"https:\/\/huanacoacanopy.com\/es\/wp-content\/uploads\/2020\/03\/21dicc.png\" class=\"attachment-large size-large wp-post-image\" alt=\"\" srcset=\"https:\/\/huanacoacanopy.com\/es\/wp-content\/uploads\/2020\/03\/21dicc.png 960w, https:\/\/huanacoacanopy.com\/es\/wp-content\/uploads\/2020\/03\/21dicc-300x225.png 300w, https:\/\/huanacoacanopy.com\/es\/wp-content\/uploads\/2020\/03\/21dicc-768x576.png 768w\" sizes=\"auto, (max-width: 960px) 100vw, 960px\" \/><\/a><\/a>\t\t<div class=\"slider-content\">\r\n\t\t\t\r\n\t\t\t<h4 class=\"slide-title\">\r\n\t\t\t\t\t\t<a href=\"http:\/\/huanacoacanopy.com\/es\/servicios\/kayak-island-tour\/\" >KAYAK ISLAND TOUR<\/a>\r\n\t\t\t\t\t\t\t<\/h4>\r\n\t\t\t<div class=\"show-hide-content\">\r\n\t\t\t\t\t\t<div class=\"slider-short-content\">\r\n\t\t\t\t\t<p>\u00a1Visita una isla ex\u00f3tica del Pac\u00edfico Mexicano y navega en una tradicional panga o Kayak!<\/p>\n\t\t\t\r\n\t\t\t\t<\/div>\r\n\t\t\t\t\t\t<div class=\"readmore\"><a href=\"http:\/\/huanacoacanopy.com\/es\/servicios\/kayak-island-tour\/\" class=\"slider-readmore\">Conocer M\u00e1s<\/a><\/div>\r\n\t\t\t\t\t\t\t\r\n\t\t\t<\/div>\r\n\t\t\t<\/div>\r\n\t\t\t<\/div>\r\n\t<\/div>\r\t\t  <\/div><!-- #post-## -->\t\t\r\r\t\t  \r<script type=\"text\/javascript\">\r\r\t\tjQuery(document).ready(function() {\r\t\tjQuery('.wpsisac-pro-slick-carousal-1').slick({\r\t\t\tdots: false,\r\t\t\tinfinite: true,\r\t\t\tarrows: true,\r\t\t\tspeed: 1000,\r\t\t\tautoplay: true,\t\t\r\r\t\t\tautoplaySpeed: 5000,\r\t\t\tslidesToShow: 3,\r\t\t\tslidesToScroll: 1,\r\t\t\tcenterMode: false,\r\t\t\tvariableWidth :false,\r\t\t\tresponsive: [\r    {\r      breakpoint: 769,\r      settings: {\r        slidesToShow: 2,\r        slidesToScroll: 1,\r        infinite: true,\r        dots: false\r      }\r    },\r    {\r      breakpoint: 641,\r      settings: {\r        slidesToShow: 1,\r        slidesToScroll: 1,\r\t\t infinite: true,\r\t\t dots: false\r      }\r    },\r    {\r      breakpoint: 481,\r      settings: {\r        slidesToShow: 1,\r        slidesToScroll: 1,\r\t\t infinite: true,\r\t\t dots: false\r      }\r    }\r  ]\r\t\t});\r\t});\r\t<\/script>\t\r\n\n\n\n<p><\/p>\n<\/div><\/div>\n\n\n\n<div class=\"wp-block-uagb-section uagb-section__wrap uagb-section__background-image\" id=\"uagb-section-4718088c-8d06-4c0f-9423-577215fd22f6\"><div class=\"uagb-section__overlay\"><\/div><div class=\"uagb-section__inner-wrap\">\n<div class=\"wp-block-uagb-columns uagb-columns__wrap uagb-columns__background-undefined uagb-columns__stack-mobile uagb-columns__valign-undefined uagb-columns__gap-10 alignundefined\" id=\"uagb-columns-81fd22c5-e214-4f63-ae8c-744f5b6e8dd4\"><div class=\"uagb-columns__overlay\"><\/div><div class=\"uagb-columns__inner-wrap uagb-columns__columns-2\">\n<div class=\"wp-block-uagb-column uagb-column__wrap uagb-column__background-undefined\" id=\"uagb-column-193460e9-8524-4be3-9a39-b05dc16dd0c6\"><div class=\"uagb-column__overlay\"><\/div><div class=\"uagb-column__inner-wrap\">\n<div class=\"wp-block-image\"><figure class=\"alignright\"><img loading=\"lazy\" decoding=\"async\" width=\"300\" height=\"183\" src=\"http:\/\/huanacoacanopy.com\/es\/wp-content\/uploads\/2019\/01\/Logo_Los_Osuna_02.png\" alt=\"\" class=\"wp-image-304\"\/><\/figure><\/div>\n<\/div><\/div>\n\n\n\n<div class=\"wp-block-uagb-column uagb-column__wrap uagb-column__background-undefined\" id=\"uagb-column-00c79ef9-bd7b-46c8-8159-96ccfdc6e785\"><div class=\"uagb-column__overlay\"><\/div><div class=\"uagb-column__inner-wrap\">\n<div class=\"wp-block-image\"><figure class=\"alignleft is-resized\"><img loading=\"lazy\" decoding=\"async\" src=\"http:\/\/huanacoacanopy.com\/es\/wp-content\/uploads\/2019\/10\/tequilas_composition_2.png\" alt=\"\" class=\"wp-image-960\" width=\"261\" height=\"280\" srcset=\"https:\/\/huanacoacanopy.com\/es\/wp-content\/uploads\/2019\/10\/tequilas_composition_2.png 522w, https:\/\/huanacoacanopy.com\/es\/wp-content\/uploads\/2019\/10\/tequilas_composition_2-280x300.png 280w\" sizes=\"auto, (max-width: 261px) 100vw, 261px\" \/><\/figure><\/div>\n<\/div><\/div>\n<\/div><\/div>\n\n\n\n<div class=\"wp-block-button aligncenter\"><a class=\"wp-block-button__link no-border-radius\">CONOCER M\u00c1S<\/a><\/div>\n<\/div><\/div>\n\n\n\n<div class=\"wp-block-uagb-section uagb-section__wrap uagb-section__background-undefined\" id=\"uagb-section-eef70db8-a537-4aad-a29e-d7205432aad5\"><div class=\"uagb-section__overlay\"><\/div><div class=\"uagb-section__inner-wrap\">\n<h1 class=\"has-text-align-left hc-home-titles-orange wp-block-heading\">\u00a1S\u00cdGUENOS!<\/h1>\n\n\n\n<div style=\"height:10px\" aria-hidden=\"true\" class=\"wp-block-spacer hc-bottom-line-space\"><\/div>\n\n\n\n<div style=\"width:100%\"><p class=\"hc-home-social-app-name\" style=\"text-align:left; width:100%\"><i id=\"hc-home-social-icon\" class=\"fab fa-instagram\"><\/i> Instagram<\/p><\/div>\n\n\n<div data-is data-is-access-token=\"526954554.aeeff59.ee653b9f0c5e4c36aa95f3f40c3cb35e\" data-is-columns=\"4\"><\/div>\n\n\n\n<div style=\"height:30px\" aria-hidden=\"true\" class=\"wp-block-spacer hc-bottom-line-space\"><\/div>\n\n\n\n<p class=\"hc-home-social-app-name\"><i id=\"hc-home-social-icon\" class=\"fab fa-facebook-square\"><\/i> Facebook<\/p>\n\n\n<div class=\"cff-wrapper\"><div class=\"cff-wrapper-ctn \"  style=\"padding:20px;\" ><div id=\"cff\"  class=\"cff cff-list-container  cff-default-styles  cff-mob-cols-1 cff-tab-cols-1\"   style=\"width:100%;\"   data-char=\"100\" ><div class=\"cff-error-msg\">\n\t<div>\n\t\t<i class=\"fa fa-lock\" aria-hidden=\"true\" style=\"margin-right: 5px;\"><\/i><b>Este mensaje solo es visible para los administradores.<\/b><br\/>\n\t\t Copia de seguridad de la cach\u00e9 en uso.\t\t\t\t\t<\/div>\n\t\t\t\t\t\t\t<a class=\"cff_notice_dismiss\" href=\"\/es\/wp-json\/wp\/v2\/pages\/5?cff_ppca_check_notice_dismiss=0\"><span class=\"fa fa-times-circle\" aria-hidden=\"true\"><\/span><\/a>\n\t\t\t\t<b class=\"cff-warning-notice\">PPCA Error:<\/b> Debido a los cambios en la API de Facebook, el 4 de septiembre de 2020 ya no ser\u00e1 posible mostrar un feed desde una p\u00e1gina de Facebook de la que seas administrador. El siguiente feed de Facebook no est\u00e1 usando un token de acceso v\u00e1lido para esta p\u00e1gina de Facebook, por lo que dejar\u00e1 de actualizarse despu\u00e9s de esta fecha.\t\t\t\t\t\t\n\t\t\t\t\n<\/div>\n<div class=\"cff-posts-wrap\"><\/div><input class=\"cff-pag-url\" type=\"hidden\" data-locatornonce=\"bf04baeadc\" data-cff-shortcode=\"{&quot;num&quot;: &quot;4&quot;}\" data-post-id=\"206\" data-feed-id=\"1594992957426489\"><\/div><\/div><div class=\"cff-clear\"><\/div><\/div>\n<\/div><\/div>\n\n\n\n<div class=\"wp-block-uagb-google-map uagb-google-map__wrap hc-google-map\" id=\"uagb-google-map-c50f42a3-633f-4a39-8218-0cf466ee2e2b\"><iframe src=\"https:\/\/www.google.com\/maps\/embed?pb=!1m18!1m12!1m3!1d118445.83268587508!2d-106.37246775730335!3d23.346670159074563!2m3!1f0!2f0!3f0!3m2!1i1024!2i768!4f13.1!3m3!1m2!1s0x8e83197dba994353%3A0xecece95ec064532b!2sHuana%20Coa%20Canopy%20Advendure!5e0!3m2!1ses!2smx!4v1737158503644!5m2!1ses!2smx\" style=\"border:0; width: 100%; height: 600px;\" allowfullscreen=\"\" loading=\"lazy\" referrerpolicy=\"no-referrer-when-downgrade\"><\/iframe><\/div>\n","protected":false},"excerpt":{"rendered":"","protected":false},"author":1,"featured_media":0,"parent":0,"menu_order":0,"comment_status":"closed","ping_status":"closed","template":"front-page.php","meta":{"footnotes":""},"class_list":["post-5","page","type-page","status-publish","hentry"],"_links":{"self":[{"href":"https:\/\/huanacoacanopy.com\/es\/wp-json\/wp\/v2\/pages\/5","targetHints":{"allow":["GET"]}}],"collection":[{"href":"https:\/\/huanacoacanopy.com\/es\/wp-json\/wp\/v2\/pages"}],"about":[{"href":"https:\/\/huanacoacanopy.com\/es\/wp-json\/wp\/v2\/types\/page"}],"author":[{"embeddable":true,"href":"https:\/\/huanacoacanopy.com\/es\/wp-json\/wp\/v2\/users\/1"}],"replies":[{"embeddable":true,"href":"https:\/\/huanacoacanopy.com\/es\/wp-json\/wp\/v2\/comments?post=5"}],"version-history":[{"count":343,"href":"https:\/\/huanacoacanopy.com\/es\/wp-json\/wp\/v2\/pages\/5\/revisions"}],"predecessor-version":[{"id":1020,"href":"https:\/\/huanacoacanopy.com\/es\/wp-json\/wp\/v2\/pages\/5\/revisions\/1020"}],"wp:attachment":[{"href":"https:\/\/huanacoacanopy.com\/es\/wp-json\/wp\/v2\/media?parent=5"}],"curies":[{"name":"wp","href":"https:\/\/api.w.org\/{rel}","templated":true}]}}