{"id":11,"date":"2019-01-15T07:47:57","date_gmt":"2019-01-15T07:47:57","guid":{"rendered":"http:\/\/huanacoacanopy.com\/es\/?page_id=11"},"modified":"2019-12-18T21:10:14","modified_gmt":"2019-12-19T04:10:14","slug":"contacto","status":"publish","type":"page","link":"https:\/\/huanacoacanopy.com\/es\/contacto\/","title":{"rendered":"Contacto"},"content":{"rendered":"\n<div class=\"wp-block-uagb-google-map uagb-google-map__wrap hc-google-map\" id=\"uagb-google-map-c50f42a3-633f-4a39-8218-0cf466ee2e2b\"><iframe src=\"https:\/\/www.google.com\/maps\/embed?pb=!1m18!1m12!1m3!1d118445.83268587508!2d-106.37246775730335!3d23.346670159074563!2m3!1f0!2f0!3f0!3m2!1i1024!2i768!4f13.1!3m3!1m2!1s0x8e83197dba994353%3A0xecece95ec064532b!2sHuana%20Coa%20Canopy%20Advendure!5e0!3m2!1ses!2smx!4v1737158503644!5m2!1ses!2smx\" style=\"border:0; width: 100%; height: 600px;\" allowfullscreen=\"\" loading=\"lazy\" referrerpolicy=\"no-referrer-when-downgrade\"><\/iframe><\/div>\n\n\n\n<div class=\"wp-block-uagb-columns uagb-columns__wrap uagb-columns__background-undefined uagb-columns__stack-mobile uagb-columns__valign-undefined uagb-columns__gap-10 alignundefined\" id=\"uagb-columns-a3bb7e00-235e-4b61-acef-45d718ae79af\"><div class=\"uagb-columns__overlay\"><\/div><div class=\"uagb-columns__inner-wrap uagb-columns__columns-1\">\n<div class=\"wp-block-uagb-column uagb-column__wrap uagb-column__background-undefined\" id=\"uagb-column-d4321e3e-7101-4c06-a616-fc8f95ff743b\"><div class=\"uagb-column__overlay\"><\/div><div class=\"uagb-column__inner-wrap\">\n<h1 class=\"has-text-align-center hc-orange-titles wp-block-heading\">Cont\u00e1ctanos<\/h1>\n<\/div><\/div>\n<\/div><\/div>\n\n\n\n<div class=\"wp-block-uagb-section uagb-section__wrap uagb-section__background-undefined\" id=\"uagb-section-6d86320c-6a18-4bad-8a8a-8546db221bc7\"><div class=\"uagb-section__overlay\"><\/div><div class=\"uagb-section__inner-wrap\">\n<section class=\"wp-block-uagb-columns uagb-columns__wrap uagb-columns__background-undefined uagb-columns__stack-mobile uagb-columns__valign-undefined uagb-columns__gap-10 alignundefined\" id=\"uagb-columns-978dfcff-a930-4999-92b2-7e13ef32b119\"><div class=\"uagb-columns__overlay\"><\/div><div class=\"uagb-columns__inner-wrap uagb-columns__columns-3\">\n<div class=\"wp-block-uagb-column uagb-column__wrap uagb-column__background-undefined\" id=\"uagb-column-60d9f4d7-82cc-4a2c-b9c5-6a68ba7d04b0\"><div class=\"uagb-column__overlay\"><\/div><div class=\"uagb-column__inner-wrap\">\n<div style=\"font-size:2.5rem; text-align:center\"><i class=\"fas fa-home\"><\/i><\/div>\n\n\n\n<p class=\"has-text-align-center\"> <strong>Domicilio:<\/strong><\/p>\n\n\n\n<p class=\"has-text-align-center\">Carretera Habal &#8211; La Noria km 45.5<br> Mazatl\u00e1n, Sinaloa, M\u00e9xico. <\/p>\n<\/div><\/div>\n\n\n\n<div class=\"wp-block-uagb-column uagb-column__wrap uagb-column__background-undefined\" id=\"uagb-column-a949aabf-5a84-4576-9fee-e91044935be5\"><div class=\"uagb-column__overlay\"><\/div><div class=\"uagb-column__inner-wrap\">\n<div style=\"font-size:2.5rem; text-align:center\"><i class=\"fas fa-phone\"><\/i><\/div>\n\n\n\n<p class=\"has-text-align-center\"> <strong>Tel\u00e9fonos:<\/strong><\/p>\n\n\n\n<p class=\"has-text-align-center\">Tel\u00e9fono: +52 1 &#8211; 669 990 1100 <br>Celular: +52 1 &#8211; 669 147 0604<\/p>\n<\/div><\/div>\n\n\n\n<div class=\"wp-block-uagb-column uagb-column__wrap uagb-column__background-undefined\" id=\"uagb-column-41b7a136-757c-4d55-8440-a1666960cac6\"><div class=\"uagb-column__overlay\"><\/div><div class=\"uagb-column__inner-wrap\">\n<div style=\"font-size:2.5rem; text-align:center\"><i class=\"fas fa-envelope\"><\/i><\/div>\n\n\n\n<p class=\"has-text-align-center\"> <strong>Email:<\/strong><\/p>\n\n\n\n<p class=\"has-text-align-center\">administracion@huanacoa.com<\/p>\n<\/div><\/div>\n<\/div><\/section>\n\n\n<div class='fluentform ff-default fluentform_wrapper_1 ffs_default_wrap'><form data-form_id=\"1\" id=\"fluentform_1\" class=\"frm-fluent-form fluent_form_1 ff-el-form-top ff_form_instance_1_1 ff-form-loading ffs_default\" data-form_instance=\"ff_form_instance_1_1\" method=\"POST\" ><fieldset  style=\"border: none!important;margin: 0!important;padding: 0!important;background-color: transparent!important;box-shadow: none!important;outline: none!important; min-inline-size: 100%;\">\n                    <legend class=\"ff_screen_reader_title\" style=\"display: block; margin: 0!important;padding: 0!important;height: 0!important;text-indent: -999999px;width: 0!important;overflow:hidden;\">Formulario de Contacto<\/legend><input type='hidden' name='__fluent_form_embded_post_id' value='11' \/><input type=\"hidden\" id=\"_fluentform_1_fluentformnonce\" name=\"_fluentform_1_fluentformnonce\" value=\"fe42a53a05\" \/><input type=\"hidden\" name=\"_wp_http_referer\" value=\"\/es\/wp-json\/wp\/v2\/pages\/11\" \/><div data-type=\"name-element\" data-name=\"names\" class=\" ff-field_container ff-name-field-wrapper\" ><div class='ff-t-container'><div class='ff-t-cell '><div class='ff-el-group'><div class=\"ff-el-input--label ff-el-is-required asterisk-left\"><label for='ff_1_names_first_name_' >Nombre<\/label><\/div><div class='ff-el-input--content'><input type=\"text\" name=\"names[first_name]\" id=\"ff_1_names_first_name_\" class=\"ff-el-form-control\" aria-invalid=\"false\" aria-required=true><\/div><\/div><\/div><div class='ff-t-cell '><div class='ff-el-group'><div class=\"ff-el-input--label asterisk-left\"><label for='ff_1_names_last_name_' >Apellido<\/label><\/div><div class='ff-el-input--content'><input type=\"text\" name=\"names[last_name]\" id=\"ff_1_names_last_name_\" class=\"ff-el-form-control\" aria-invalid=\"false\" aria-required=false><\/div><\/div><\/div><\/div><\/div><div class='ff-el-group'><div class=\"ff-el-input--label ff-el-is-required asterisk-left\"><label for='ff_1_email' aria-label=\"Email\">Email<\/label><\/div><div class='ff-el-input--content'><input type=\"email\" name=\"email\" id=\"ff_1_email\" class=\"ff-el-form-control\" placeholder=\"Introduzca su correo electr\u00f3nico.\" data-name=\"email\"  aria-invalid=\"false\" aria-required=true><\/div><\/div><div class='ff-el-group'><div class=\"ff-el-input--label ff-el-is-required asterisk-left\"><label for='ff_1_message' aria-label=\"Mensaje\">Mensaje<\/label><\/div><div class='ff-el-input--content'><textarea aria-invalid=\"false\" aria-required=true name=\"message\" id=\"ff_1_message\" class=\"ff-el-form-control\" placeholder=\"Escriba aqu\u00ed su mensaje...\" rows=\"4\" cols=\"2\" data-name=\"message\" ><\/textarea><\/div><\/div><div class='ff-el-group    ff-el-input--content'><div class='ff-el-form-check ff-el-tc'><label aria-label='T\u00e9rminos y condiciones: He le\u00eddo y acepto la Pol\u00edtica de Privacidad Contiene 1 enlace. Usa la navegaci\u00f3n por pesta\u00f1as para rese\u00f1ar.' class='ff-el-form-check-label ff_tc_label' for=terms-n-condition_7b56a7f92f3cf1be4406135a2ea0f47b><span class='ff_tc_checkbox'><input type=\"checkbox\" name=\"terms-n-condition\" class=\"ff-el-form-check-input\" data-name=\"terms-n-condition\" id=\"terms-n-condition_7b56a7f92f3cf1be4406135a2ea0f47b\"  value='on' aria-invalid='false' aria-required=true><\/span> <div class='ff_t_c'>He le\u00eddo y acepto la <a href=\"#\">Pol\u00edtica de Privacidad<\/a><\/div><\/label><\/div><\/div><div class='ff-el-group ff-text-right ff_submit_btn_wrapper'><button type=\"submit\" class=\"ff-btn ff-btn-submit ff-btn-md ff_btn_style wpf_has_custom_css\" >ENVIAR<\/button><\/div><\/fieldset><\/form><div id='fluentform_1_errors' class='ff-errors-in-stack ff_form_instance_1_1 ff-form-loading_errors ff_form_instance_1_1_errors'><\/div><\/div>        <script type=\"text\/javascript\">\n            window.fluent_form_ff_form_instance_1_1 = {\"id\":\"1\",\"settings\":{\"layout\":{\"labelPlacement\":\"top\",\"helpMessagePlacement\":\"with_label\",\"errorMessagePlacement\":\"inline\",\"asteriskPlacement\":\"asterisk-left\"},\"id\":\"1\",\"restrictions\":{\"denyEmptySubmission\":{\"enabled\":false}}},\"form_instance\":\"ff_form_instance_1_1\",\"form_id_selector\":\"fluentform_1\",\"rules\":{\"names[first_name]\":{\"required\":{\"value\":true,\"message\":\"First Name field is required\"}},\"names[middle_name]\":{\"required\":{\"value\":false,\"message\":\"This field is required\"}},\"names[last_name]\":{\"required\":{\"value\":false,\"message\":\"This field is required\"}},\"email\":{\"required\":{\"value\":true,\"message\":\"Email field is required\"},\"email\":{\"value\":true,\"message\":\"This field must contain a valid email\"}},\"message\":{\"required\":{\"value\":true,\"message\":\"Message field is required\"}},\"terms-n-condition\":{\"required\":{\"value\":true,\"message\":\"La aceptaci\\u00f3n es requerida.\"}}},\"debounce_time\":300};\n                    <\/script>\n        \n<\/div><\/div>\n","protected":false},"excerpt":{"rendered":"","protected":false},"author":1,"featured_media":0,"parent":0,"menu_order":0,"comment_status":"closed","ping_status":"closed","template":"fullwidth.php","meta":{"footnotes":""},"class_list":["post-11","page","type-page","status-publish","hentry"],"_links":{"self":[{"href":"https:\/\/huanacoacanopy.com\/es\/wp-json\/wp\/v2\/pages\/11","targetHints":{"allow":["GET"]}}],"collection":[{"href":"https:\/\/huanacoacanopy.com\/es\/wp-json\/wp\/v2\/pages"}],"about":[{"href":"https:\/\/huanacoacanopy.com\/es\/wp-json\/wp\/v2\/types\/page"}],"author":[{"embeddable":true,"href":"https:\/\/huanacoacanopy.com\/es\/wp-json\/wp\/v2\/users\/1"}],"replies":[{"embeddable":true,"href":"https:\/\/huanacoacanopy.com\/es\/wp-json\/wp\/v2\/comments?post=11"}],"version-history":[{"count":38,"href":"https:\/\/huanacoacanopy.com\/es\/wp-json\/wp\/v2\/pages\/11\/revisions"}],"predecessor-version":[{"id":993,"href":"https:\/\/huanacoacanopy.com\/es\/wp-json\/wp\/v2\/pages\/11\/revisions\/993"}],"wp:attachment":[{"href":"https:\/\/huanacoacanopy.com\/es\/wp-json\/wp\/v2\/media?parent=11"}],"curies":[{"name":"wp","href":"https:\/\/api.w.org\/{rel}","templated":true}]}}